{"id":7,"date":"2023-05-19T21:51:24","date_gmt":"2023-05-19T19:51:24","guid":{"rendered":"http:\/\/hosting2064503.online.pro\/autoinstalator\/wordpress1\/index.php\/koszyk\/"},"modified":"2024-01-23T01:17:44","modified_gmt":"2024-01-23T00:17:44","slug":"koszyk","status":"publish","type":"page","link":"https:\/\/jubilerarbiszgdansk.pl\/en\/koszyk\/","title":{"rendered":"Koszyk"},"content":{"rendered":"<div data-block-name=\"woocommerce\/cart\" class=\"wp-block-woocommerce-cart alignwide is-loading\">\n<div data-block-name=\"woocommerce\/filled-cart-block\" class=\"wp-block-woocommerce-filled-cart-block\">\n<div data-block-name=\"woocommerce\/cart-items-block\" class=\"wp-block-woocommerce-cart-items-block\">\n<div data-block-name=\"woocommerce\/cart-line-items-block\" class=\"wp-block-woocommerce-cart-line-items-block\"><\/div>\n\n\n\n<div data-block-name=\"woocommerce\/cart-cross-sells-block\" class=\"wp-block-woocommerce-cart-cross-sells-block\">\n<h2 class=\"wp-block-heading has-large-font-size\">Zobacz inne r\u00f3wnie interesuj\u0105ce\u2026<\/h2>\n\n\n\n<div data-block-name=\"woocommerce\/cart-cross-sells-products-block\" class=\"wp-block-woocommerce-cart-cross-sells-products-block\"><\/div>\n<\/div>\n<\/div>\n\n\n\n<div data-block-name=\"woocommerce\/cart-totals-block\" class=\"wp-block-woocommerce-cart-totals-block\">\n<div data-block-name=\"woocommerce\/cart-order-summary-block\" class=\"wp-block-woocommerce-cart-order-summary-block\">\n<div data-block-name=\"woocommerce\/cart-order-summary-heading-block\" data-content=\"Podsumowanie koszyka\" class=\"wp-block-woocommerce-cart-order-summary-heading-block\"><\/div><div data-block-name=\"woocommerce\/cart-order-summary-coupon-form-block\" class=\"wp-block-woocommerce-cart-order-summary-coupon-form-block\"><\/div><div data-block-name=\"woocommerce\/cart-order-summary-totals-block\" class=\"wp-block-woocommerce-cart-order-summary-totals-block\">\n<div data-block-name=\"woocommerce\/cart-order-summary-subtotal-block\" class=\"wp-block-woocommerce-cart-order-summary-subtotal-block\"><\/div>\n<div data-block-name=\"woocommerce\/cart-order-summary-discount-block\" class=\"wp-block-woocommerce-cart-order-summary-discount-block\"><\/div>\n<div data-block-name=\"woocommerce\/cart-order-summary-fee-block\" class=\"wp-block-woocommerce-cart-order-summary-fee-block\"><\/div>\n<div data-block-name=\"woocommerce\/cart-order-summary-shipping-block\" class=\"wp-block-woocommerce-cart-order-summary-shipping-block\"><\/div>\n<div data-block-name=\"woocommerce\/cart-order-summary-taxes-block\" class=\"wp-block-woocommerce-cart-order-summary-taxes-block\"><\/div><\/div>\n<\/div>\n\n\n\n<div data-block-name=\"woocommerce\/cart-express-payment-block\" class=\"wp-block-woocommerce-cart-express-payment-block\"><\/div>\n\n\n\n<div data-block-name=\"woocommerce\/proceed-to-checkout-block\" data-button-label=\"Przejd\u017a do realizacji zam\u00f3wienia\" class=\"wp-block-woocommerce-proceed-to-checkout-block\"><\/div>\n\n\n\n<div data-block-name=\"woocommerce\/cart-accepted-payment-methods-block\" class=\"wp-block-woocommerce-cart-accepted-payment-methods-block\"><\/div>\n<\/div>\n<\/div>\n\n\n\n<div data-block-name=\"woocommerce\/empty-cart-block\" class=\"wp-block-woocommerce-empty-cart-block\">\n<h2 class=\"wp-block-heading has-text-align-center with-empty-cart-icon wc-block-cart__empty-cart__title has-medium-font-size\" style=\"text-transform:uppercase\">Tw\u00f3j koszyk jest obecnie pusty!<\/h2>\n\n\n\n<p class=\"has-text-align-center has-medium-font-size\"><a href=\"https:\/\/jubilerarbiszgdansk.pl\/en\/sklep\/\">Przegl\u0105daj sklep<\/a><\/p>\n\n\n\n<hr class=\"wp-block-separator has-alpha-channel-opacity is-style-dots\"\/>\n\n\n\n<h2 class=\"wp-block-heading has-text-align-center\">Nowe w sklepie<\/h2>\n\n\n<div data-align-buttons=\"true\" data-block-name=\"woocommerce\/product-new\" data-columns=\"4\" data-rows=\"1\" class=\"wc-block-grid wp-block-product-new wp-block-woocommerce-product-new wc-block-product-new has-4-columns has-aligned-buttons\"><ul class=\"wc-block-grid__products\"><li class=\"wc-block-grid__product\">\n\t\t\t\t<a href=\"https:\/\/jubilerarbiszgdansk.pl\/en\/bransoletka-z-prostokatow-mleczno-zoltego-bursztynu-i-srebrnych-kulek-925\/\" class=\"wc-block-grid__product-link\">\n\t\t\t\t\t\n\t\t\t\t\t<div class=\"wc-block-grid__product-image\"><img loading=\"lazy\" decoding=\"async\" width=\"300\" height=\"300\" src=\"https:\/\/jubilerarbiszgdansk.pl\/wp-content\/uploads\/2025\/11\/D5E03F44-5A28-4820-AF76-1D148DF56559-300x300.jpeg\" class=\"attachment-woocommerce_thumbnail size-woocommerce_thumbnail\" alt=\"Bransoletka z prostok\u0105t\u00f3w mleczno-\u017c\u00f3\u0142tego bursztynu i srebrnych kulek 925\" srcset=\"https:\/\/jubilerarbiszgdansk.pl\/wp-content\/uploads\/2025\/11\/D5E03F44-5A28-4820-AF76-1D148DF56559-300x300.jpeg 300w, https:\/\/jubilerarbiszgdansk.pl\/wp-content\/uploads\/2025\/11\/D5E03F44-5A28-4820-AF76-1D148DF56559-150x150.jpeg 150w, https:\/\/jubilerarbiszgdansk.pl\/wp-content\/uploads\/2025\/11\/D5E03F44-5A28-4820-AF76-1D148DF56559-100x100.jpeg 100w, https:\/\/jubilerarbiszgdansk.pl\/wp-content\/uploads\/2025\/11\/D5E03F44-5A28-4820-AF76-1D148DF56559-1x1.jpeg 1w\" sizes=\"auto, (max-width: 300px) 100vw, 300px\" \/><\/div>\n\t\t\t\t\t<div class=\"wc-block-grid__product-title\">Bransoletka z prostok\u0105t\u00f3w mleczno-\u017c\u00f3\u0142tego bursztynu i srebrnych kulek 925<\/div>\n\t\t\t\t<\/a>\n\t\t\t\t<div class=\"wc-block-grid__product-price price\"><span class=\"woocommerce-Price-amount amount\">215.00&nbsp;<span class=\"woocommerce-Price-currencySymbol\">&#122;&#322;<\/span><\/span><\/div>\n\t\t\t\t\n\t\t\t\t<div class=\"wp-block-button wc-block-grid__product-add-to-cart\"><a href=\"?add-to-cart=6072\" aria-label=\"Add to basket: \u201cBransoletka z prostok\u0105t\u00f3w mleczno-\u017c\u00f3\u0142tego bursztynu i srebrnych kulek 925\u201d\" data-quantity=\"1\" data-product_id=\"6072\" data-product_sku=\"\" data-price=\"215\" rel=\"nofollow\" class=\"wp-block-button__link  add_to_cart_button ajax_add_to_cart\" data-no-translation=\"\" data-trp-gettext=\"\" data-no-translation-aria-label=\"\">Add to basket<\/a><\/div>\n\t\t\t<\/li><li class=\"wc-block-grid__product\">\n\t\t\t\t<a href=\"https:\/\/jubilerarbiszgdansk.pl\/en\/bransoletka-srebrna-925-z-kwadratowymi-kawalkami-koniakowego-bursztynu\/\" class=\"wc-block-grid__product-link\">\n\t\t\t\t\t<div class=\"wc-block-grid__product-onsale\">\n\t\t\t<span aria-hidden=\"true\" data-no-translation=\"\" data-trp-gettext=\"\">Sale<\/span>\n\t\t\t<span class=\"screen-reader-text\" data-no-translation=\"\" data-trp-gettext=\"\">Product on sale<\/span>\n\t\t<\/div>\n\t\t\t\t\t<div class=\"wc-block-grid__product-image\"><img loading=\"lazy\" decoding=\"async\" width=\"300\" height=\"300\" src=\"https:\/\/jubilerarbiszgdansk.pl\/wp-content\/uploads\/2025\/11\/8431F7F4-DF1F-442B-B4DF-48AD8B1D93B4-300x300.jpeg\" class=\"attachment-woocommerce_thumbnail size-woocommerce_thumbnail\" alt=\"Bransoletka srebrna 925 z kwadratowymi kawa\u0142kami koniakowego bursztynu\" srcset=\"https:\/\/jubilerarbiszgdansk.pl\/wp-content\/uploads\/2025\/11\/8431F7F4-DF1F-442B-B4DF-48AD8B1D93B4-300x300.jpeg 300w, https:\/\/jubilerarbiszgdansk.pl\/wp-content\/uploads\/2025\/11\/8431F7F4-DF1F-442B-B4DF-48AD8B1D93B4-150x150.jpeg 150w, https:\/\/jubilerarbiszgdansk.pl\/wp-content\/uploads\/2025\/11\/8431F7F4-DF1F-442B-B4DF-48AD8B1D93B4-100x100.jpeg 100w, https:\/\/jubilerarbiszgdansk.pl\/wp-content\/uploads\/2025\/11\/8431F7F4-DF1F-442B-B4DF-48AD8B1D93B4-1x1.jpeg 1w\" sizes=\"auto, (max-width: 300px) 100vw, 300px\" \/><\/div>\n\t\t\t\t\t<div class=\"wc-block-grid__product-title\">Bransoletka srebrna 925 z kwadratowymi kawa\u0142kami koniakowego bursztynu<\/div>\n\t\t\t\t<\/a>\n\t\t\t\t<div class=\"wc-block-grid__product-price price\"><del aria-hidden=\"true\"><span class=\"woocommerce-Price-amount amount\">500.00&nbsp;<span class=\"woocommerce-Price-currencySymbol\">&#122;&#322;<\/span><\/span><\/del> <span class=\"screen-reader-text\" data-no-translation=\"\" data-trp-gettext=\"\">Original price was: 500.00&nbsp;&#122;&#322;.<\/span><ins aria-hidden=\"true\"><span class=\"woocommerce-Price-amount amount\">460.00&nbsp;<span class=\"woocommerce-Price-currencySymbol\">&#122;&#322;<\/span><\/span><\/ins><span class=\"screen-reader-text\" data-no-translation=\"\" data-trp-gettext=\"\">Current price is: 460.00&nbsp;&#122;&#322;.<\/span><\/div>\n\t\t\t\t\n\t\t\t\t<div class=\"wp-block-button wc-block-grid__product-add-to-cart\"><a href=\"?add-to-cart=6069\" aria-label=\"Add to basket: \u201cBransoletka srebrna 925 z kwadratowymi kawa\u0142kami koniakowego bursztynu\u201d\" data-quantity=\"1\" data-product_id=\"6069\" data-product_sku=\"\" data-price=\"460\" rel=\"nofollow\" class=\"wp-block-button__link  add_to_cart_button ajax_add_to_cart\" data-no-translation=\"\" data-trp-gettext=\"\" data-no-translation-aria-label=\"\">Add to basket<\/a><\/div>\n\t\t\t<\/li><li class=\"wc-block-grid__product\">\n\t\t\t\t<a href=\"https:\/\/jubilerarbiszgdansk.pl\/en\/bransoletka-na-srebrnym-lancuszku-925-z-koniakowym-bursztynem-2\/\" class=\"wc-block-grid__product-link\">\n\t\t\t\t\t<div class=\"wc-block-grid__product-onsale\">\n\t\t\t<span aria-hidden=\"true\" data-no-translation=\"\" data-trp-gettext=\"\">Sale<\/span>\n\t\t\t<span class=\"screen-reader-text\" data-no-translation=\"\" data-trp-gettext=\"\">Product on sale<\/span>\n\t\t<\/div>\n\t\t\t\t\t<div class=\"wc-block-grid__product-image\"><img loading=\"lazy\" decoding=\"async\" width=\"300\" height=\"300\" src=\"https:\/\/jubilerarbiszgdansk.pl\/wp-content\/uploads\/2025\/11\/441CC015-4116-49FD-B06A-BFF9B1717899-300x300.jpeg\" class=\"attachment-woocommerce_thumbnail size-woocommerce_thumbnail\" alt=\"Bransoletka na srebrnym \u0142a\u0144cuszku 925 z koniakowym bursztynem\" srcset=\"https:\/\/jubilerarbiszgdansk.pl\/wp-content\/uploads\/2025\/11\/441CC015-4116-49FD-B06A-BFF9B1717899-300x300.jpeg 300w, https:\/\/jubilerarbiszgdansk.pl\/wp-content\/uploads\/2025\/11\/441CC015-4116-49FD-B06A-BFF9B1717899-150x150.jpeg 150w, https:\/\/jubilerarbiszgdansk.pl\/wp-content\/uploads\/2025\/11\/441CC015-4116-49FD-B06A-BFF9B1717899-100x100.jpeg 100w, https:\/\/jubilerarbiszgdansk.pl\/wp-content\/uploads\/2025\/11\/441CC015-4116-49FD-B06A-BFF9B1717899-1x1.jpeg 1w\" sizes=\"auto, (max-width: 300px) 100vw, 300px\" \/><\/div>\n\t\t\t\t\t<div class=\"wc-block-grid__product-title\">Bransoletka na srebrnym \u0142a\u0144cuszku 925 z koniakowym bursztynem<\/div>\n\t\t\t\t<\/a>\n\t\t\t\t<div class=\"wc-block-grid__product-price price\"><del aria-hidden=\"true\"><span class=\"woocommerce-Price-amount amount\">285.00&nbsp;<span class=\"woocommerce-Price-currencySymbol\">&#122;&#322;<\/span><\/span><\/del> <span class=\"screen-reader-text\" data-no-translation=\"\" data-trp-gettext=\"\">Original price was: 285.00&nbsp;&#122;&#322;.<\/span><ins aria-hidden=\"true\"><span class=\"woocommerce-Price-amount amount\">250.00&nbsp;<span class=\"woocommerce-Price-currencySymbol\">&#122;&#322;<\/span><\/span><\/ins><span class=\"screen-reader-text\" data-no-translation=\"\" data-trp-gettext=\"\">Current price is: 250.00&nbsp;&#122;&#322;.<\/span><\/div>\n\t\t\t\t\n\t\t\t\t<div class=\"wp-block-button wc-block-grid__product-add-to-cart\"><a href=\"?add-to-cart=6067\" aria-label=\"Add to basket: \u201cBransoletka na srebrnym \u0142a\u0144cuszku 925 z koniakowym bursztynem\u201d\" data-quantity=\"1\" data-product_id=\"6067\" data-product_sku=\"\" data-price=\"250\" rel=\"nofollow\" class=\"wp-block-button__link  add_to_cart_button ajax_add_to_cart\" data-no-translation=\"\" data-trp-gettext=\"\" data-no-translation-aria-label=\"\">Add to basket<\/a><\/div>\n\t\t\t<\/li><li class=\"wc-block-grid__product\">\n\t\t\t\t<a href=\"https:\/\/jubilerarbiszgdansk.pl\/en\/bransoletka-z-prostokatow-mlecznego-bursztynu-i-srebrnych-kulek-925\/\" class=\"wc-block-grid__product-link\">\n\t\t\t\t\t\n\t\t\t\t\t<div class=\"wc-block-grid__product-image\"><img loading=\"lazy\" decoding=\"async\" width=\"300\" height=\"300\" src=\"https:\/\/jubilerarbiszgdansk.pl\/wp-content\/uploads\/2025\/11\/D5CF1E90-5CBC-49F8-89CA-88EE5AF9F4B9-300x300.jpeg\" class=\"attachment-woocommerce_thumbnail size-woocommerce_thumbnail\" alt=\"Bransoletka z prostok\u0105t\u00f3w mlecznego bursztynu i srebrnych kulek 925\" srcset=\"https:\/\/jubilerarbiszgdansk.pl\/wp-content\/uploads\/2025\/11\/D5CF1E90-5CBC-49F8-89CA-88EE5AF9F4B9-300x300.jpeg 300w, https:\/\/jubilerarbiszgdansk.pl\/wp-content\/uploads\/2025\/11\/D5CF1E90-5CBC-49F8-89CA-88EE5AF9F4B9-150x150.jpeg 150w, https:\/\/jubilerarbiszgdansk.pl\/wp-content\/uploads\/2025\/11\/D5CF1E90-5CBC-49F8-89CA-88EE5AF9F4B9-100x100.jpeg 100w, https:\/\/jubilerarbiszgdansk.pl\/wp-content\/uploads\/2025\/11\/D5CF1E90-5CBC-49F8-89CA-88EE5AF9F4B9-1x1.jpeg 1w\" sizes=\"auto, (max-width: 300px) 100vw, 300px\" \/><\/div>\n\t\t\t\t\t<div class=\"wc-block-grid__product-title\">Bransoletka z prostok\u0105t\u00f3w mlecznego bursztynu i srebrnych kulek 925<\/div>\n\t\t\t\t<\/a>\n\t\t\t\t<div class=\"wc-block-grid__product-price price\"><span class=\"woocommerce-Price-amount amount\">200.00&nbsp;<span class=\"woocommerce-Price-currencySymbol\">&#122;&#322;<\/span><\/span><\/div>\n\t\t\t\t\n\t\t\t\t<div class=\"wp-block-button wc-block-grid__product-add-to-cart\"><a href=\"?add-to-cart=6065\" aria-label=\"Add to basket: \u201cBransoletka z prostok\u0105t\u00f3w mlecznego bursztynu i srebrnych kulek 925\u201d\" data-quantity=\"1\" data-product_id=\"6065\" data-product_sku=\"\" data-price=\"200\" rel=\"nofollow\" class=\"wp-block-button__link  add_to_cart_button ajax_add_to_cart\" data-no-translation=\"\" data-trp-gettext=\"\" data-no-translation-aria-label=\"\">Add to basket<\/a><\/div>\n\t\t\t<\/li><\/ul><\/div><\/div>\n<\/div>","protected":false},"excerpt":{"rendered":"","protected":false},"author":1,"featured_media":0,"parent":0,"menu_order":0,"comment_status":"closed","ping_status":"closed","template":"","meta":{"footnotes":""},"class_list":["post-7","page","type-page","status-publish","hentry"],"_links":{"self":[{"href":"https:\/\/jubilerarbiszgdansk.pl\/en\/wp-json\/wp\/v2\/pages\/7","targetHints":{"allow":["GET"]}}],"collection":[{"href":"https:\/\/jubilerarbiszgdansk.pl\/en\/wp-json\/wp\/v2\/pages"}],"about":[{"href":"https:\/\/jubilerarbiszgdansk.pl\/en\/wp-json\/wp\/v2\/types\/page"}],"author":[{"embeddable":true,"href":"https:\/\/jubilerarbiszgdansk.pl\/en\/wp-json\/wp\/v2\/users\/1"}],"replies":[{"embeddable":true,"href":"https:\/\/jubilerarbiszgdansk.pl\/en\/wp-json\/wp\/v2\/comments?post=7"}],"version-history":[{"count":0,"href":"https:\/\/jubilerarbiszgdansk.pl\/en\/wp-json\/wp\/v2\/pages\/7\/revisions"}],"wp:attachment":[{"href":"https:\/\/jubilerarbiszgdansk.pl\/en\/wp-json\/wp\/v2\/media?parent=7"}],"curies":[{"name":"wp","href":"https:\/\/api.w.org\/{rel}","templated":true}]}}