{"id":421,"date":"2023-05-25T00:02:34","date_gmt":"2023-05-24T22:02:34","guid":{"rendered":"http:\/\/hosting2064503.online.pro\/autoinstalator\/wordpress1\/?page_id=421"},"modified":"2023-05-30T15:28:11","modified_gmt":"2023-05-30T13:28:11","slug":"zwrot-i-wymiana","status":"publish","type":"page","link":"https:\/\/jubilerarbiszgdansk.pl\/en\/zwrot-i-wymiana\/","title":{"rendered":"Zwroty i reklamacje"},"content":{"rendered":"<h2 class=\"wp-block-heading\">Odst\u0105pienie od umowy<\/h2>\n\n\n\n<p>Je\u015bli jeste\u015b konsumentem &#8211; co do zasady przys\u0142uguje Ci&nbsp;<strong>prawo do odst\u0105pienia od zawartej na odleg\u0142o\u015b\u0107 umowy<\/strong>.<\/p>\n\n\n\n<p>Od umowy mo\u017cesz odst\u0105pi\u0107, sk\u0142adaj\u0105c nam&nbsp;<strong>o\u015bwiadczenie o odst\u0105pieniu od umowy<\/strong>&nbsp;np. poprzez wiadomo\u015b\u0107 e-mail przes\u0142an\u0105 na adres:&nbsp;<a href=\"mailto:arbisz1970@gmail.com\">arbisz1970@gmail.com<\/a><\/p>\n\n\n\n<p><strong>Zwracan\u0105 rzecz zwr\u00f3\u0107 do nas niezw\u0142ocznie na adres: Szewska 1\/4&nbsp;<\/strong>, jednak nie p\u00f3\u017aniej ni\u017c w terminie 14 dni od dnia, w kt\u00f3rym odst\u0105pi\u0142e\u015b od umowy.<\/p>\n\n\n\n<p>Od umowy mo\u017cesz odst\u0105pi\u0107 w terminie&nbsp;<strong>14 dni<\/strong>.<\/p>\n\n\n\n<p>Bieg czternastodniowego terminu na odst\u0105pienie od umowy rozpoczyna si\u0119:<\/p>\n\n\n\n<ul class=\"wp-block-list\">\n<li>dla umowy, w kt\u00f3rej wydajemy rzecz, b\u0119d\u0105c zobowi\u0105zanymi do przeniesienia jej w\u0142asno\u015bci &#8211;&nbsp;<strong>od obj\u0119cia rzeczy w posiadanie przez Ciebie<\/strong>&nbsp;lub wskazan\u0105 przez Ciebie osob\u0119 trzeci\u0105 inn\u0105 ni\u017c przewo\u017anik,<\/li>\n\n\n\n<li>dla tre\u015bci cyfrowych &#8211; od dnia zawarcia umowy.<\/li>\n<\/ul>\n\n\n\n<p>Do zachowania terminu wystarczy wys\u0142anie o\u015bwiadczenia przed jego up\u0142ywem.<\/p>\n\n\n\n<p>Dokonane przez Ciebie p\u0142atno\u015bci, w tym koszty dostarczenia rzeczy na zasadach wskazanych w regulaminie zwr\u00f3cimy Ci niezw\u0142ocznie, jednak nie p\u00f3\u017aniej ni\u017c w terminie 14 dni od dnia otrzymania od Ciebie o\u015bwiadczenia o odst\u0105pieniu od umowy.<\/p>\n\n\n\n<p>Mo\u017cemy wstrzyma\u0107 si\u0119 ze zwrotem otrzymanej od Ciebie p\u0142atno\u015bci do chwili otrzymania rzeczy z powrotem lub dostarczenia przez Ciebie dowodu jej odes\u0142ania, w zale\u017cno\u015bci od tego, kt\u00f3re zdarzenie nast\u0105pi wcze\u015bniej.<\/p>\n\n\n\n<p><strong>Pami\u0119taj, \u017ce prawo odst\u0105pienia od umowy zawartej na odleg\u0142o\u015b\u0107 nie przys\u0142uguje konsumentowi m.in. w odniesieniu do umowy:<\/strong><\/p>\n\n\n\n<ul class=\"wp-block-list\">\n<li>w kt\u00f3rej przedmiotem \u015bwiadczenia jest&nbsp;<strong>rzecz nieprefabrykowana, wyprodukowana wed\u0142ug specyfikacji konsumenta<\/strong>&nbsp;lub&nbsp;<strong>s\u0142u\u017c\u0105ca zaspokojeniu jego zindywidualizowanych potrzeb<\/strong>,<\/li>\n\n\n\n<li>w kt\u00f3rej przedmiotem \u015bwiadczenia jest&nbsp;<strong>rzecz ulegaj\u0105ca szybkiemu zepsuciu<\/strong>&nbsp;lub maj\u0105ca kr\u00f3tki termin przydatno\u015bci do u\u017cycia,<\/li>\n\n\n\n<li>w kt\u00f3rej przedmiotem \u015bwiadczenia jest rzecz dostarczana w zapiecz\u0119towanym opakowaniu, kt\u00f3rej&nbsp;<strong>po otwarciu opakowania nie mo\u017cna zwr\u00f3ci\u0107 ze wzgl\u0119du na ochron\u0119 zdrowia lub ze wzgl\u0119d\u00f3w higienicznych<\/strong>, je\u017celi opakowanie zosta\u0142o otwarte po dostarczeniu,<\/li>\n\n\n\n<li>w kt\u00f3rej przedmiotem \u015bwiadczenia s\u0105&nbsp;<strong>nagrania d\u017awi\u0119kowe lub wizualne albo programy komputerowe dostarczane w zapiecz\u0119towanym opakowaniu<\/strong>, je\u017celi opakowanie zosta\u0142o otwarte po dostarczeniu<\/li>\n\n\n\n<li><strong>o dostarczanie tre\u015bci cyfrowych, kt\u00f3re nie s\u0105 zapisane na no\u015bniku materialnym<\/strong>, je\u017celi spe\u0142nianie \u015bwiadczenia rozpocz\u0119\u0142o si\u0119 za wyra\u017an\u0105 zgod\u0105 konsumenta przed up\u0142ywem terminu do odst\u0105pienia od umowy i po poinformowaniu go przez przedsi\u0119biorc\u0119 o utracie prawa odst\u0105pienia od umowy.<\/li>\n<\/ul>\n\n\n\n<p>Szczeg\u00f3\u0142owe informacje na temat odst\u0105pienia od umowy znajdziesz w naszym Regulaminie sprzeda\u017cy.<\/p>\n\n\n\n<h2 class=\"wp-block-heading\">Reklamacje<\/h2>\n\n\n\n<p>Je\u015bli jeste\u015b Konsumentem, w przypadku gdy zakupiony u nas towar oka\u017ce si\u0119 wadliwy, masz prawo reklamowa\u0107 go w oparciu o r\u0119kojmi\u0119. Reklamacj\u0119 najlepiej z\u0142o\u017cy\u0107 na adres e-mail:&nbsp;<a href=\"mailto:arbisz1970@gmail.com\">arbisz1970@gmail.com<\/a>&nbsp;lub drog\u0105 pocztow\u0105 na adres ul. Szewska 1\/4 .<\/p>\n\n\n\n<p><strong>Reklamowany towar nale\u017cy wys\u0142a\u0107 na adres: Szewska 1\/4<\/strong><\/p>\n\n\n\n<p>W zwi\u0105zku z wad\u0105 mo\u017cesz \u017c\u0105da\u0107:<\/p>\n\n\n\n<ul class=\"wp-block-list\">\n<li><strong>wymiany rzeczy na woln\u0105 od wad,<\/strong><\/li>\n\n\n\n<li><strong>usuni\u0119cia wady,<\/strong><\/li>\n<\/ul>\n\n\n\n<p>lub z\u0142o\u017cy\u0107 o\u015bwiadczenie o:<\/p>\n\n\n\n<ul class=\"wp-block-list\">\n<li><strong>obni\u017ceniu ceny,<\/strong><\/li>\n\n\n\n<li><strong>odst\u0105pieniu od umowy \u2013 w przypadku wady istotnej.<\/strong><\/li>\n<\/ul>\n\n\n\n<p>Odpowiadamy wzgl\u0119dem Ciebie za wady stwierdzone przed up\u0142ywem dw\u00f3ch lat od dnia wydania rzeczy.<\/p>\n\n\n\n<p>Co do zasady reklamacj\u0119 mo\u017cesz&nbsp;<strong>zg\u0142osi\u0107 w ci\u0105gu roku od zauwa\u017cenia wady<\/strong>, ale czas na z\u0142o\u017cenie reklamacji nie mo\u017ce si\u0119 zako\u0144czy\u0107 przed up\u0142ywem okresu odpowiedzialno\u015bci sprzedawcy.<\/p>\n\n\n\n<p><strong>Rozpatrzenie Twojej reklamacji (ustosunkowanie si\u0119 do niej) nast\u0105pi w ci\u0105gu 14 dni od daty otrzymania przez nas Twojego zg\u0142oszenia reklamacyjnego.<\/strong><\/p>\n\n\n\n<p>Wi\u0119cej informacji na temat reklamacji znajdziesz w naszym Regulaminie sprzeda\u017cy.<\/p>","protected":false},"excerpt":{"rendered":"<p>Odst\u0105pienie od umowy Je\u015bli jeste\u015b konsumentem &#8211; co do zasady przys\u0142uguje Ci&nbsp;prawo do odst\u0105pienia od zawartej na odleg\u0142o\u015b\u0107 umowy. Od umowy mo\u017cesz odst\u0105pi\u0107, sk\u0142adaj\u0105c nam&nbsp;o\u015bwiadczenie&#8230;<\/p>","protected":false},"author":1,"featured_media":0,"parent":0,"menu_order":0,"comment_status":"closed","ping_status":"closed","template":"","meta":{"footnotes":""},"class_list":["post-421","page","type-page","status-publish","hentry"],"_links":{"self":[{"href":"https:\/\/jubilerarbiszgdansk.pl\/en\/wp-json\/wp\/v2\/pages\/421","targetHints":{"allow":["GET"]}}],"collection":[{"href":"https:\/\/jubilerarbiszgdansk.pl\/en\/wp-json\/wp\/v2\/pages"}],"about":[{"href":"https:\/\/jubilerarbiszgdansk.pl\/en\/wp-json\/wp\/v2\/types\/page"}],"author":[{"embeddable":true,"href":"https:\/\/jubilerarbiszgdansk.pl\/en\/wp-json\/wp\/v2\/users\/1"}],"replies":[{"embeddable":true,"href":"https:\/\/jubilerarbiszgdansk.pl\/en\/wp-json\/wp\/v2\/comments?post=421"}],"version-history":[{"count":0,"href":"https:\/\/jubilerarbiszgdansk.pl\/en\/wp-json\/wp\/v2\/pages\/421\/revisions"}],"wp:attachment":[{"href":"https:\/\/jubilerarbiszgdansk.pl\/en\/wp-json\/wp\/v2\/media?parent=421"}],"curies":[{"name":"wp","href":"https:\/\/api.w.org\/{rel}","templated":true}]}}