{"id":408,"date":"2023-05-24T01:02:45","date_gmt":"2023-05-23T23:02:45","guid":{"rendered":"http:\/\/hosting2064503.online.pro\/autoinstalator\/wordpress1\/?page_id=408"},"modified":"2024-01-28T21:45:48","modified_gmt":"2024-01-28T20:45:48","slug":"dostawa-i-platnosc","status":"publish","type":"page","link":"https:\/\/jubilerarbiszgdansk.pl\/en\/dostawa-i-platnosc\/","title":{"rendered":"Dostawa i p\u0142atno\u015b\u0107"},"content":{"rendered":"<div data-elementor-type=\"wp-page\" data-elementor-id=\"408\" class=\"elementor elementor-408\" data-elementor-post-type=\"page\">\n\t\t\t\t<div class=\"elementor-element elementor-element-71afad68 e-flex e-con-boxed e-con e-parent\" data-id=\"71afad68\" data-element_type=\"container\">\n\t\t\t\t\t<div class=\"e-con-inner\">\n\t\t\t\t<div class=\"elementor-element elementor-element-2b4b3215 elementor-widget elementor-widget-text-editor\" data-id=\"2b4b3215\" data-element_type=\"widget\" data-widget_type=\"text-editor.default\">\n\t\t\t\t<div class=\"elementor-widget-container\">\n\t\t\t\t\t\t\t\t\t\n<h3 class=\"wp-block-heading\">EKSPRESOWA REALIZACJA ZAM\u00d3WIE\u0143<\/h3>\n\n<p>Zam\u00f3wienia wysy\u0142amy w ci\u0105gu 24 godzin.<\/p>\n\n<h4 class=\"kt-adv-heading_0eeee5-fe wp-block-kadence-advancedheading\" data-kb-block=\"kb-adv-heading_0eeee5-fe\">METODY DOSTAWY<\/h4>\n\n<ul class=\"wp-block-list\">\n<li>Paczkomaty InPost 9,99 z\u0142 (<strong>darmowa dostawa od 250 z\u0142<\/strong>)<\/li>\n\n<li>Kurier InPost &#8211;\u00a0 14,99 z\u0142<\/li>\n<li>Kurier DPD &#8211; 16,99 z\u0142<\/li>\n<\/ul>\n\n<h4 class=\"wp-block-heading\">METODY P\u0141ATNO\u015aCI<\/h4>\n\n<ul class=\"wp-block-list\">\n<li>Przelew\u00a0online<\/li>\n\n<li>P\u0142atno\u015b\u0107 kart\u0105 p\u0142atnicz\u0105<\/li>\n\n<li>P\u0142atno\u015b\u0107 PayPo<\/li>\n\n<li>Przelew tradycyjny<\/li>\n<\/ul>\n\n<p>Przy p\u0142atno\u015bci przelewem tradycyjnym w tytule wpisa\u0107 numer zam\u00f3wienia z maila potwierdzaj\u0105cego zam\u00f3wienie.\u00a0<\/p>\n\n<p>\u00a0<\/p>\n\t\t\t\t\t\t\t\t<\/div>\n\t\t\t\t<\/div>\n\t\t\t\t\t<\/div>\n\t\t\t\t<\/div>\n\t\t<div class=\"elementor-element elementor-element-1406a64 e-flex e-con-boxed e-con e-parent\" data-id=\"1406a64\" data-element_type=\"container\">\n\t\t\t\t\t<div class=\"e-con-inner\">\n\t\t\t\t<div class=\"elementor-element elementor-element-3e1f3f4 elementor-widget elementor-widget-text-editor\" data-id=\"3e1f3f4\" data-element_type=\"widget\" data-widget_type=\"text-editor.default\">\n\t\t\t\t<div class=\"elementor-widget-container\">\n\t\t\t\t\t\t\t\t\t<p><\/p>\n<h3 class=\"wp-block-heading\">ZAM\u00d3WIENIA MI\u0118DZYNARODOWE<\/h3>\n<p><\/p>\n<p>\u00a0<\/p>\n<p><\/p>\n<h4 data-kb-block=\"kb-adv-heading_0eeee5-fe\">METODY DOSTAWY<\/h4>\n<p><\/p>\n<ul class=\"wp-block-list\">\n<li style=\"list-style-type: none;\">\n<ul><\/ul>\n<\/li>\n<\/ul>\n<p><\/p>\n<p><b>Wielka Brytania*<\/b><\/p>\n<ul>\n<li style=\"list-style-type: none;\">\n<ul>\n<li style=\"list-style-type: none;\">\n<ul>\n<li>\u00a0Kurier UPS (3 &#8211; 4 dni robocze) &#8211; 75,00 z\u0142<\/li>\n<li>Przesy\u0142ka polecona (5 &#8211; 6 dni robocze)- 42,00 z\u0142<\/li>\n<\/ul>\n<\/li>\n<\/ul>\n<\/li>\n<\/ul>\n<p><strong>Stany Zjednoczone*<\/strong><\/p>\n<ul>\n<li style=\"list-style-type: none;\">\n<ul>\n<li style=\"list-style-type: none;\">\n<ul>\n<li>\u00a0Przesy\u0142ka lotnicza UPS (3 &#8211; 4 dni robocze) &#8211; 159 z\u0142<\/li>\n<li>Przesy\u0142ka pocztowa polecona ( 6 &#8211; 8 dni roboczych) &#8211; 89 z\u0142<\/li>\n<\/ul>\n<\/li>\n<\/ul>\n<\/li>\n<\/ul>\n<div><b>Hiszpania<\/b><\/div>\n<ul>\n<li style=\"list-style-type: none;\">\n<ul>\n<li style=\"list-style-type: none;\">\n<ul>\n<li>Kurier GLS (4 &#8211; 6 dni roboczych) &#8211; 59,90 z\u0142<\/li>\n<li>Przesy\u0142ka pocztowa polecona ( 5 &#8211; 6 dni roboczych) &#8211; 69 z\u0142<\/li>\n<\/ul>\n<\/li>\n<\/ul>\n<\/li>\n<\/ul>\n<div>\u00a0<\/div>\n<div><span style=\"font-size: 15.96px;\">\u00a0<\/span><\/div>\n<div><span style=\"caret-color: #212529; color: #212529; font-family: Roboto, 'Helvetica Neue', Helvetica, Arial, sans-serif;\">* Uwaga! Dla wybranego kraju, zgodnie z jego prawem celnym, konieczne b\u0119dzie uiszczenie dodatkowych op\u0142at celnych.<\/span><span style=\"font-size: 15.96px;\"><br \/><\/span><\/div>\n<p><\/p>\n<p><\/p>\n<p>\u00a0<\/p>\n<p><\/p>\n<p><\/p>\t\t\t\t\t\t\t\t<\/div>\n\t\t\t\t<\/div>\n\t\t\t\t\t<\/div>\n\t\t\t\t<\/div>\n\t\t\t\t<\/div>","protected":false},"excerpt":{"rendered":"<p>EKSPRESOWA REALIZACJA ZAM\u00d3WIE\u0143 Zam\u00f3wienia wysy\u0142amy w ci\u0105gu 24 godzin. METODY P\u0141ATNO\u015aCI Przy p\u0142atno\u015bci przelewem tradycyjnym w tytule wpisa\u0107 numer zam\u00f3wienia z maila potwierdzaj\u0105cego zam\u00f3wienie.\u00a0 \u00a0&#8230;<\/p>","protected":false},"author":1,"featured_media":0,"parent":0,"menu_order":0,"comment_status":"closed","ping_status":"closed","template":"","meta":{"footnotes":""},"class_list":["post-408","page","type-page","status-publish","hentry"],"_links":{"self":[{"href":"https:\/\/jubilerarbiszgdansk.pl\/en\/wp-json\/wp\/v2\/pages\/408","targetHints":{"allow":["GET"]}}],"collection":[{"href":"https:\/\/jubilerarbiszgdansk.pl\/en\/wp-json\/wp\/v2\/pages"}],"about":[{"href":"https:\/\/jubilerarbiszgdansk.pl\/en\/wp-json\/wp\/v2\/types\/page"}],"author":[{"embeddable":true,"href":"https:\/\/jubilerarbiszgdansk.pl\/en\/wp-json\/wp\/v2\/users\/1"}],"replies":[{"embeddable":true,"href":"https:\/\/jubilerarbiszgdansk.pl\/en\/wp-json\/wp\/v2\/comments?post=408"}],"version-history":[{"count":0,"href":"https:\/\/jubilerarbiszgdansk.pl\/en\/wp-json\/wp\/v2\/pages\/408\/revisions"}],"wp:attachment":[{"href":"https:\/\/jubilerarbiszgdansk.pl\/en\/wp-json\/wp\/v2\/media?parent=408"}],"curies":[{"name":"wp","href":"https:\/\/api.w.org\/{rel}","templated":true}]}}