{"id":32,"date":"2023-05-22T15:37:22","date_gmt":"2023-05-22T13:37:22","guid":{"rendered":"http:\/\/hosting2064503.online.pro\/autoinstalator\/wordpress1\/?page_id=32"},"modified":"2024-01-23T22:08:03","modified_gmt":"2024-01-23T21:08:03","slug":"o-nas","status":"publish","type":"page","link":"https:\/\/jubilerarbiszgdansk.pl\/en\/o-nas\/","title":{"rendered":"About us"},"content":{"rendered":"<div data-elementor-type=\"wp-page\" data-elementor-id=\"32\" class=\"elementor elementor-32\" data-elementor-post-type=\"page\">\n\t\t\t\t<div class=\"elementor-element elementor-element-1f6c361 e-con-full e-flex e-con e-parent\" data-id=\"1f6c361\" data-element_type=\"container\">\n\t\t<div class=\"elementor-element elementor-element-83726c9 e-con-full e-flex e-con e-child\" data-id=\"83726c9\" data-element_type=\"container\">\n\t\t\t\t<div class=\"elementor-element elementor-element-2dd652f elementor-widget elementor-widget-image\" data-id=\"2dd652f\" data-element_type=\"widget\" data-widget_type=\"image.default\">\n\t\t\t\t<div class=\"elementor-widget-container\">\n\t\t\t\t\t\t\t\t\t\t\t\t\t\t\t<img loading=\"lazy\" decoding=\"async\" width=\"1440\" height=\"1440\" src=\"https:\/\/jubilerarbiszgdansk.pl\/wp-content\/uploads\/2023\/05\/292865481_1679821332418416_3066380090886918379_n.jpg\" class=\"attachment-full size-full wp-image-33\" alt=\"\" srcset=\"https:\/\/jubilerarbiszgdansk.pl\/wp-content\/uploads\/2023\/05\/292865481_1679821332418416_3066380090886918379_n.jpg 1440w, https:\/\/jubilerarbiszgdansk.pl\/wp-content\/uploads\/2023\/05\/292865481_1679821332418416_3066380090886918379_n-300x300.jpg 300w, https:\/\/jubilerarbiszgdansk.pl\/wp-content\/uploads\/2023\/05\/292865481_1679821332418416_3066380090886918379_n-1024x1024.jpg 1024w, https:\/\/jubilerarbiszgdansk.pl\/wp-content\/uploads\/2023\/05\/292865481_1679821332418416_3066380090886918379_n-150x150.jpg 150w, https:\/\/jubilerarbiszgdansk.pl\/wp-content\/uploads\/2023\/05\/292865481_1679821332418416_3066380090886918379_n-768x768.jpg 768w, https:\/\/jubilerarbiszgdansk.pl\/wp-content\/uploads\/2023\/05\/292865481_1679821332418416_3066380090886918379_n-600x600.jpg 600w, https:\/\/jubilerarbiszgdansk.pl\/wp-content\/uploads\/2023\/05\/292865481_1679821332418416_3066380090886918379_n-100x100.jpg 100w\" sizes=\"auto, (max-width: 1440px) 100vw, 1440px\">\t\t\t\t\t\t\t\t\t\t\t\t\t\t\t<\/div>\n\t\t\t\t<\/div>\n\t\t\t\t<\/div>\n\t\t<div class=\"elementor-element elementor-element-d7aaee9 e-con-full e-flex e-con e-child\" data-id=\"d7aaee9\" data-element_type=\"container\">\n\t\t\t\t<div class=\"elementor-element elementor-element-83bf637 elementor-align-center elementor-widget elementor-widget-etheme_advanced_headline\" data-id=\"83bf637\" data-element_type=\"widget\" data-widget_type=\"etheme_advanced_headline.default\">\n\t\t\t\t<div class=\"elementor-widget-container\">\n\t\t\t\t\t        \r\n        <div class=\"etheme-a-h-wrapper\">\r\n        \r\n                            <span class=\"etheme-a-h-text-before\">\r\n                    ARBISZ- ARTYSTYCZNA BI\u017bUTERIA W GDA\u0143SKU                <\/span>\r\n            \r\n        <h2 class=\"etheme-advanced-headline etheme-advanced-headline-mask\">\r\n\r\n            NASZA HISTORIA\r\n        <\/h2>\r\n\t\t\r\n                            <p class=\"etheme-a-h-text-after\">\r\n                    Wyrobem bursztynowej bi\u017cuterii artystycznej zajmujemy si\u0119 od ponad pi\u0119\u0107dziesi\u0119ciu lat.\n\nFirm\u0119, w 1970 roku, za\u0142o\u017cyli Jan i Halina Szczube\u0142ek, ma\u0142\u017ce\u0144stwo, kt\u00f3re postanowi\u0142o zwi\u0105za\u0107 swoje \u017cycie z bursztynem i tworzy\u0107 bi\u017cuteri\u0119 eleganck\u0105, klasyczn\u0105 i unikaln\u0105.\n\nP\u00f3\u0142wiecze do\u015bwiadczenia w bran\u017cy czyni z naszej galerii jubilerskiej miejsce wyj\u0105tkowe, gdzie gwarantujemy najwy\u017cszy poziom wyrobnictwa i obs\u0142ugi klienta.\u00a0Nasza bi\u017cuteria z bursztynu zaliczana jest przez klient\u00f3w z ca\u0142ej Europy do najpi\u0119kniejszych wyrob\u00f3w jubilerskich w Polsce.                <\/p>\r\n                    \r\n        <\/div>\r\n        \r\n\t\t\t\t\t\t<\/div>\n\t\t\t\t<\/div>\n\t\t\t\t<\/div>\n\t\t\t\t<\/div>\n\t\t<div class=\"elementor-element elementor-element-4acbc65 e-con-full e-flex e-con e-parent\" data-id=\"4acbc65\" data-element_type=\"container\">\n\t\t<div class=\"elementor-element elementor-element-ba4515f e-con-full e-flex e-con e-child\" data-id=\"ba4515f\" data-element_type=\"container\">\n\t\t\t\t<div class=\"elementor-element elementor-element-b61bf70 elementor-align-center elementor-widget elementor-widget-etheme_advanced_headline\" data-id=\"b61bf70\" data-element_type=\"widget\" data-widget_type=\"etheme_advanced_headline.default\">\n\t\t\t\t<div class=\"elementor-widget-container\">\n\t\t\t\t\t        \r\n        <div class=\"etheme-a-h-wrapper\">\r\n        \r\n            \r\n        <h2 class=\"etheme-advanced-headline etheme-advanced-headline-mask\">\r\n\r\n            GALERIA W SERCU GDA\u0143SKA\r\n        <\/h2>\r\n\t\t\r\n                            <p class=\"etheme-a-h-text-after\">\r\n                    Po\u0142o\u017cenie naszego salonu z bi\u017cuteri\u0105 artystyczn\u0105 zdeterminowa\u0142o jego charakter i asortyment. Postanowili\u015bmy skorzysta\u0107 z naturalnych surowc\u00f3w, kt\u00f3rych nad polskim morzem mamy pod dostatkiem. Mowa oczywi\u015bcie o bursztynie i szerokim asortymencie bi\u017cuterii zrobionej na bazie tej szlachetnej substancji.\n\nNatura i wszystko to, co odkrywamy w bursztynie jest dla nas inspiracj\u0105 do tworzenia unikatowych ozd\u00f3b \u2013 bransolet, obr\u0105czek, kolczyk\u00f3w oraz prowadzenia dzia\u0142alno\u015bci edukacyjnej i szerzenia wiedzy o \u201ez\u0142ocie Ba\u0142tyku\u201d.\n\nTworzymy bi\u017cuteri\u0119 autorsk\u0105, ale ch\u0119tnie wsp\u00f3\u0142pracujemy z artystami podzielaj\u0105cymi nasze poczucie estetyki i etyk\u0119 pracy. Wykonujemy bi\u017cuteri\u0119 na specjalne okazje oraz indywidualne zam\u00f3wienie.                <\/p>\r\n                    \r\n        <\/div>\r\n        \r\n\t\t\t\t\t\t<\/div>\n\t\t\t\t<\/div>\n\t\t\t\t<\/div>\n\t\t<div class=\"elementor-element elementor-element-cc9c477 e-con-full e-flex e-con e-child\" data-id=\"cc9c477\" data-element_type=\"container\">\n\t\t\t\t<div class=\"elementor-element elementor-element-8846581 elementor-widget elementor-widget-image\" data-id=\"8846581\" data-element_type=\"widget\" data-widget_type=\"image.default\">\n\t\t\t\t<div class=\"elementor-widget-container\">\n\t\t\t\t\t\t\t\t\t\t\t\t\t\t\t<img loading=\"lazy\" decoding=\"async\" width=\"1536\" height=\"2048\" src=\"https:\/\/jubilerarbiszgdansk.pl\/wp-content\/uploads\/2023\/05\/292458603_1680009259066290_4978468943582379572_n.jpg\" class=\"attachment-full size-full wp-image-39\" alt=\"\" srcset=\"https:\/\/jubilerarbiszgdansk.pl\/wp-content\/uploads\/2023\/05\/292458603_1680009259066290_4978468943582379572_n.jpg 1536w, https:\/\/jubilerarbiszgdansk.pl\/wp-content\/uploads\/2023\/05\/292458603_1680009259066290_4978468943582379572_n-225x300.jpg 225w, https:\/\/jubilerarbiszgdansk.pl\/wp-content\/uploads\/2023\/05\/292458603_1680009259066290_4978468943582379572_n-768x1024.jpg 768w, https:\/\/jubilerarbiszgdansk.pl\/wp-content\/uploads\/2023\/05\/292458603_1680009259066290_4978468943582379572_n-1152x1536.jpg 1152w, https:\/\/jubilerarbiszgdansk.pl\/wp-content\/uploads\/2023\/05\/292458603_1680009259066290_4978468943582379572_n-600x800.jpg 600w\" sizes=\"auto, (max-width: 1536px) 100vw, 1536px\">\t\t\t\t\t\t\t\t\t\t\t\t\t\t\t<\/div>\n\t\t\t\t<\/div>\n\t\t\t\t<\/div>\n\t\t\t\t<\/div>\n\t\t\t\t<\/div>","protected":false},"excerpt":{"rendered":"<p>ARBISZ- ARTYSTYCZNA BI\u017bUTERIA W GDA\u0143SKU NASZA HISTORIA Wyrobem bursztynowej bi\u017cuterii artystycznej zajmujemy si\u0119 od ponad pi\u0119\u0107dziesi\u0119ciu lat. Firm\u0119, w 1970 roku, za\u0142o\u017cyli Jan i Halina&#8230;<\/p>","protected":false},"author":1,"featured_media":0,"parent":0,"menu_order":0,"comment_status":"closed","ping_status":"closed","template":"","meta":{"footnotes":""},"class_list":["post-32","page","type-page","status-publish","hentry"],"_links":{"self":[{"href":"https:\/\/jubilerarbiszgdansk.pl\/en\/wp-json\/wp\/v2\/pages\/32","targetHints":{"allow":["GET"]}}],"collection":[{"href":"https:\/\/jubilerarbiszgdansk.pl\/en\/wp-json\/wp\/v2\/pages"}],"about":[{"href":"https:\/\/jubilerarbiszgdansk.pl\/en\/wp-json\/wp\/v2\/types\/page"}],"author":[{"embeddable":true,"href":"https:\/\/jubilerarbiszgdansk.pl\/en\/wp-json\/wp\/v2\/users\/1"}],"replies":[{"embeddable":true,"href":"https:\/\/jubilerarbiszgdansk.pl\/en\/wp-json\/wp\/v2\/comments?post=32"}],"version-history":[{"count":0,"href":"https:\/\/jubilerarbiszgdansk.pl\/en\/wp-json\/wp\/v2\/pages\/32\/revisions"}],"wp:attachment":[{"href":"https:\/\/jubilerarbiszgdansk.pl\/en\/wp-json\/wp\/v2\/media?parent=32"}],"curies":[{"name":"wp","href":"https:\/\/api.w.org\/{rel}","templated":true}]}}